{"id":6,"date":"2015-09-05T14:27:26","date_gmt":"2015-09-05T12:27:26","guid":{"rendered":"http:\/\/marianne-friedrich.de\/?page_id=6"},"modified":"2021-09-05T12:20:19","modified_gmt":"2021-09-05T10:20:19","slug":"impressum","status":"publish","type":"page","link":"http:\/\/marianne-friedrich.de\/?page_id=6","title":{"rendered":"Impressum"},"content":{"rendered":"<p><strong>Angaben gem\u00e4\u00df \u00a7 5 Telemediengesetz (TMG)<br \/>\n<\/strong>Marianne Friedrich, Heilpraktikerin<br \/>\nPraxis f\u00fcr moderne NaturMedizin<br \/>\nSch\u00f6ne Aussicht 46 &#8211; c\/o Praxis Gesund + Sch\u00f6n<br \/>\n65193 Wiesbaden<\/p>\n<p><strong>Kontakt<br \/>\n<\/strong>Telefon: 0172 6611373<br \/>\nE-Mail: <a href=\"mailto:info@marianne-friedrich.de\">info@marianne-friedrich.de<\/a><\/p>\n<p><strong>Umsatzsteuer<br \/>\n<\/strong>Umsatzsteuer-Identifikationsnummer gem\u00e4\u00df \u00a7 27 a Umsatzsteuergesetz: DE112772921<\/p>\n<p><strong>Aufsichtsbeh\u00f6rde<br \/>\n<\/strong>Gesundheitsamt der Landeshauptstadt Wiesbaden<\/p>\n<p><strong>Berufsbezeichnung und berufsrechtliche Regelungen<br \/>\n<\/strong>Gesetzliche Berufsbezeichnung: Heilpraktikerin<br \/>\nBeh\u00f6rdliche Erlaubnis: Erlaubnisurkunde des Wetteraukreises in Friedberg vom 19.07.2000<br \/>\nBerufsverbandsmitgliedschaft: Bund Deutscher Heilpraktiker BDH e.V. \u2013 Mitglieds-Nummer 1637<br \/>\nBerufsrechtliche Regelungen: Berufsordnung f\u00fcr Heilpraktiker (BOH), Heilpraktikergesetz (HeilprG), Durchf\u00fchrungsverordnungen (DVO) zum HeilprG<\/p>\n<p><strong>Angaben zur Berufshaftpflichtversicherung<br \/>\n<\/strong>Name und Sitz des Versicherers: Continentale Sachversicherung AG, Ruhrallee 92, 44139 Dortmund<br \/>\nGeltungsraum der Versicherung: Deutschland<\/p>\n<p><strong>Haftung f\u00fcr Inhalte<br \/>\n<\/strong>Als Diensteanbieter sind wir gem\u00e4\u00df \u00a7 7 Abs.1 TMG f\u00fcr eigene Inhalte auf diesen Seiten nach den allgemeinen Gesetzen verantwortlich. Nach \u00a7\u00a7 8 bis 10 TMG sind wir als Diensteanbieter jedoch nicht verpflichtet, \u00fcbermittelte oder gespeicherte fremde Informationen zu \u00fcberwachen oder nach Umst\u00e4nden zu forschen, die auf eine rechtswidrige T\u00e4tigkeit hinweisen.<br \/>\nVerpflichtungen zur Entfernung oder Sperrung der Nutzung von Informationen nach den allgemeinen Gesetzen bleiben hiervon unber\u00fchrt. Eine diesbez\u00fcgliche Haftung ist jedoch erst ab dem Zeitpunkt der Kenntnis einer konkreten Rechtsverletzung m\u00f6glich. Bei Bekanntwerden von entsprechenden Rechtsverletzungen werden wir diese Inhalte umgehend entfernen.<br \/>\nVorsorglich weisen wir besonders darauf hin, dass die von uns abgegebenen Informationen nicht genutzt werden k\u00f6nnen, um Krankheiten oder Leiden selbst zu diagnostizieren und zu therapieren.<\/p>\n<p><strong>Haftung f\u00fcr Links<br \/>\n<\/strong>Unser Angebot kann Links zu externen Websites Dritter enthalten, auf deren Inhalte wir keinen Einfluss haben. Deshalb k\u00f6nnen wir f\u00fcr diese fremden Inhalte auch keine Gew\u00e4hr \u00fcbernehmen. F\u00fcr die Inhalte der verlinkten Seiten ist stets der jeweilige Anbieter oder Betreiber der Seiten verantwortlich. Die verlinkten Seiten wurden zum Zeitpunkt der Verlinkung auf m\u00f6gliche Rechtsverst\u00f6\u00dfe \u00fcberpr\u00fcft. Rechtswidrige Inhalte waren zum Zeitpunkt der Verlinkung nicht erkennbar.<br \/>\nEine permanente inhaltliche Kontrolle der verlinkten Seiten ist jedoch ohne konkrete Anhaltspunkte einer Rechtsverletzung nicht zumutbar. Bei Bekanntwerden von Rechtsverletzungen werden wir derartige Links umgehend entfernen.<\/p>\n<p><strong>Urheberrecht<br \/>\n<\/strong>Die durch die Seitenbetreiber erstellten Inhalte und Werke auf diesen Seiten unterliegen dem deutschen Urheberrecht. Die Vervielf\u00e4ltigung, Bearbeitung, Verbreitung und jede Art der Verwertung au\u00dferhalb der Grenzen des Urheberrechtes bed\u00fcrfen der schriftlichen Zustimmung des jeweiligen Autors bzw. Erstellers. Downloads und Kopien dieser Seite sind nur f\u00fcr den privaten, nicht kommerziellen Gebrauch gestattet.<br \/>\nSoweit die Inhalte auf dieser Seite nicht vom Betreiber erstellt wurden, werden die Urheberrechte Dritter beachtet. Insbesondere werden Inhalte Dritter als solche gekennzeichnet. Sollten Sie trotzdem auf eine Urheberrechtsverletzung aufmerksam werden, bitten wir um einen entsprechenden Hinweis. Bei Bekanntwerden von Rechtsverletzungen werden wir derartige Inhalte umgehend entfernen.<\/p>\n<p>Stand: 2021.08<\/p>\n","protected":false},"excerpt":{"rendered":"<p>Angaben gem\u00e4\u00df \u00a7 5 Telemediengesetz (TMG) Marianne Friedrich, Heilpraktikerin Praxis f\u00fcr moderne NaturMedizin Sch\u00f6ne Aussicht 46 &#8211; c\/o Praxis Gesund + Sch\u00f6n 65193 Wiesbaden Kontakt Telefon: 0172 6611373 E-Mail: info@marianne-friedrich.de Umsatzsteuer Umsatzsteuer-Identifikationsnummer gem\u00e4\u00df \u00a7 27 a Umsatzsteuergesetz: DE112772921 Aufsichtsbeh\u00f6rde Gesundheitsamt der Landeshauptstadt Wiesbaden Berufsbezeichnung und berufsrechtliche Regelungen Gesetzliche Berufsbezeichnung: Heilpraktikerin Beh\u00f6rdliche Erlaubnis: Erlaubnisurkunde des Wetteraukreises [&hellip;]<\/p>\n","protected":false},"author":1,"featured_media":0,"parent":0,"menu_order":0,"comment_status":"closed","ping_status":"closed","template":"","meta":{"footnotes":""},"class_list":["post-6","page","type-page","status-publish","hentry"],"_links":{"self":[{"href":"http:\/\/marianne-friedrich.de\/index.php?rest_route=\/wp\/v2\/pages\/6","targetHints":{"allow":["GET"]}}],"collection":[{"href":"http:\/\/marianne-friedrich.de\/index.php?rest_route=\/wp\/v2\/pages"}],"about":[{"href":"http:\/\/marianne-friedrich.de\/index.php?rest_route=\/wp\/v2\/types\/page"}],"author":[{"embeddable":true,"href":"http:\/\/marianne-friedrich.de\/index.php?rest_route=\/wp\/v2\/users\/1"}],"replies":[{"embeddable":true,"href":"http:\/\/marianne-friedrich.de\/index.php?rest_route=%2Fwp%2Fv2%2Fcomments&post=6"}],"version-history":[{"count":6,"href":"http:\/\/marianne-friedrich.de\/index.php?rest_route=\/wp\/v2\/pages\/6\/revisions"}],"predecessor-version":[{"id":230,"href":"http:\/\/marianne-friedrich.de\/index.php?rest_route=\/wp\/v2\/pages\/6\/revisions\/230"}],"wp:attachment":[{"href":"http:\/\/marianne-friedrich.de\/index.php?rest_route=%2Fwp%2Fv2%2Fmedia&parent=6"}],"curies":[{"name":"wp","href":"https:\/\/api.w.org\/{rel}","templated":true}]}}